{"id":90,"date":"2016-09-20T18:08:53","date_gmt":"2016-09-20T16:08:53","guid":{"rendered":"https:\/\/focus-x.net\/?page_id=90"},"modified":"2023-05-11T15:58:25","modified_gmt":"2023-05-11T13:58:25","slug":"haftungsausschluss","status":"publish","type":"page","link":"https:\/\/focus-x.net\/en\/haftungsausschluss\/","title":{"rendered":"Disclaimer"},"content":{"rendered":"<h1>Disclaimer<\/h1>\n<p><strong>Limitation of liability for internal content<\/strong><\/p>\n<p>The content of our website has been compiled with meticulous care and to the best of our knowledge. However, we cannot assume any liability for the up-to-dateness, completeness or accuracy of any of the pages.\n\nPursuant to section 7, para. 1 of the TMG (Telemediengesetz \u2013 Tele Media Act by German law), we as service providers are liable for our own content on these pages in accordance with general laws. However, pursuant to sections 8 to 10 of the TMG, we as service providers are not under obligation to monitor external information provided or stored on our website. Once we have become aware of a specific infringement of the law, we will immediately remove the content in question. Any liability concerning this matter can only be assumed from the point in time at which the infringement becomes known to us.<\/p>\n<p><strong>Limitation of liability for external links<\/strong><\/p>\n<p>Our website contains links to the websites of third parties (\u201cexternal links\u201d). As the content of these websites is not under our control, we cannot assume any liability for such external content. In all cases, the provider of information of the linked websites is liable for the content and accuracy of the information provided. At the point in time when the links were placed, no infringements of the law were recognisable to us. As soon as an infringement of the law becomes known to us, we will immediately remove the link in question.<\/p>\n<p><strong>Copyright<\/strong><\/p>\n<p>The content and works published on this website are governed by the copyright laws of Germany. Any duplication, processing, distribution or any form of utilisation beyond the scope of copyright law shall require the prior written consent of the author or authors in question.<\/p>","protected":false},"excerpt":{"rendered":"<p>Haftungsausschluss (Disclaimer) Haftung f\u00fcr Inhalte Als Diensteanbieter sind wir gem\u00e4\u00df \u00a7 7 Abs.1 TMG f\u00fcr eigene Inhalte auf diesen Seiten nach den allgemeinen Gesetzen verantwortlich. Nach \u00a7\u00a7 8 bis 10 TMG sind wir als Diensteanbieter jedoch nicht verpflichtet, \u00fcbermittelte oder gespeicherte fremde Informationen zu \u00fcberwachen oder nach Umst\u00e4nden zu forschen, die auf eine rechtswidrige T\u00e4tigkeit &hellip; <a href=\"https:\/\/focus-x.net\/en\/haftungsausschluss\/\" class=\"more-link\">Continue reading <span class=\"screen-reader-text\">Disclaimer<\/span> <span class=\"meta-nav\">&rarr;<\/span><\/a><\/p>","protected":false},"author":3,"featured_media":0,"parent":0,"menu_order":0,"comment_status":"closed","ping_status":"closed","template":"","meta":{"_themeisle_gutenberg_block_has_review":false,"footnotes":""},"class_list":["post-90","page","type-page","status-publish","hentry"],"yoast_head":"<!-- This site is optimized with the Yoast SEO plugin v27.4 - https:\/\/yoast.com\/product\/yoast-seo-wordpress\/ -->\n<title>Haftungsausschluss - \u0192ocus-x<\/title>\n<meta name=\"robots\" content=\"index, follow, max-snippet:-1, max-image-preview:large, max-video-preview:-1\" \/>\n<link rel=\"canonical\" href=\"https:\/\/focus-x.net\/en\/haftungsausschluss\/\" \/>\n<meta property=\"og:locale\" content=\"en_GB\" \/>\n<meta property=\"og:type\" content=\"article\" \/>\n<meta property=\"og:title\" content=\"Haftungsausschluss - \u0192ocus-x\" \/>\n<meta property=\"og:description\" content=\"Haftungsausschluss (Disclaimer) Haftung f\u00fcr Inhalte Als Diensteanbieter sind wir gem\u00e4\u00df \u00a7 7 Abs.1 TMG f\u00fcr eigene Inhalte auf diesen Seiten nach den allgemeinen Gesetzen verantwortlich. Nach \u00a7\u00a7 8 bis 10 TMG sind wir als Diensteanbieter jedoch nicht verpflichtet, \u00fcbermittelte oder gespeicherte fremde Informationen zu \u00fcberwachen oder nach Umst\u00e4nden zu forschen, die auf eine rechtswidrige T\u00e4tigkeit &hellip; Continue reading Haftungsausschluss &rarr;\" \/>\n<meta property=\"og:url\" content=\"https:\/\/focus-x.net\/en\/haftungsausschluss\/\" \/>\n<meta property=\"og:site_name\" content=\"\u0192ocus-x\" \/>\n<meta property=\"article:modified_time\" content=\"2023-05-11T13:58:25+00:00\" \/>\n<meta property=\"og:image\" content=\"https:\/\/focus-x.net\/wp-content\/uploads\/2016\/11\/benedikt-wohlleben-tattoo-326.jpg\" \/>\n\t<meta property=\"og:image:width\" content=\"1100\" \/>\n\t<meta property=\"og:image:height\" content=\"731\" \/>\n\t<meta property=\"og:image:type\" content=\"image\/jpeg\" \/>\n<meta name=\"twitter:card\" content=\"summary_large_image\" \/>\n<meta name=\"twitter:label1\" content=\"Estimated reading time\" \/>\n\t<meta name=\"twitter:data1\" content=\"2 minutes\" \/>\n<script type=\"application\/ld+json\" class=\"yoast-schema-graph\">{\"@context\":\"https:\\\/\\\/schema.org\",\"@graph\":[{\"@type\":\"WebPage\",\"@id\":\"https:\\\/\\\/focus-x.net\\\/haftungsausschluss\\\/\",\"url\":\"https:\\\/\\\/focus-x.net\\\/haftungsausschluss\\\/\",\"name\":\"Haftungsausschluss - \u0192ocus-x\",\"isPartOf\":{\"@id\":\"https:\\\/\\\/focus-x.net\\\/#website\"},\"datePublished\":\"2016-09-20T16:08:53+00:00\",\"dateModified\":\"2023-05-11T13:58:25+00:00\",\"breadcrumb\":{\"@id\":\"https:\\\/\\\/focus-x.net\\\/haftungsausschluss\\\/#breadcrumb\"},\"inLanguage\":\"en-GB\",\"potentialAction\":[{\"@type\":\"ReadAction\",\"target\":[\"https:\\\/\\\/focus-x.net\\\/haftungsausschluss\\\/\"]}]},{\"@type\":\"BreadcrumbList\",\"@id\":\"https:\\\/\\\/focus-x.net\\\/haftungsausschluss\\\/#breadcrumb\",\"itemListElement\":[{\"@type\":\"ListItem\",\"position\":1,\"name\":\"Startseite\",\"item\":\"https:\\\/\\\/focus-x.net\\\/\"},{\"@type\":\"ListItem\",\"position\":2,\"name\":\"Haftungsausschluss\"}]},{\"@type\":\"WebSite\",\"@id\":\"https:\\\/\\\/focus-x.net\\\/#website\",\"url\":\"https:\\\/\\\/focus-x.net\\\/\",\"name\":\"\u0192ocus-x\",\"description\":\"Ein Projekt von BENEDIKT WOHLLEBEN\",\"publisher\":{\"@id\":\"https:\\\/\\\/focus-x.net\\\/#\\\/schema\\\/person\\\/4301bae7fc26b66a34b2d5142d40f800\"},\"potentialAction\":[{\"@type\":\"SearchAction\",\"target\":{\"@type\":\"EntryPoint\",\"urlTemplate\":\"https:\\\/\\\/focus-x.net\\\/?s={search_term_string}\"},\"query-input\":{\"@type\":\"PropertyValueSpecification\",\"valueRequired\":true,\"valueName\":\"search_term_string\"}}],\"inLanguage\":\"en-GB\"},{\"@type\":[\"Person\",\"Organization\"],\"@id\":\"https:\\\/\\\/focus-x.net\\\/#\\\/schema\\\/person\\\/4301bae7fc26b66a34b2d5142d40f800\",\"name\":\"Benedikt Wohlleben\",\"image\":{\"@type\":\"ImageObject\",\"inLanguage\":\"en-GB\",\"@id\":\"https:\\\/\\\/focus-x.net\\\/wp-content\\\/uploads\\\/2023\\\/07\\\/benedikt-wohlleben-website-icon.png\",\"url\":\"https:\\\/\\\/focus-x.net\\\/wp-content\\\/uploads\\\/2023\\\/07\\\/benedikt-wohlleben-website-icon.png\",\"contentUrl\":\"https:\\\/\\\/focus-x.net\\\/wp-content\\\/uploads\\\/2023\\\/07\\\/benedikt-wohlleben-website-icon.png\",\"width\":505,\"height\":506,\"caption\":\"Benedikt Wohlleben\"},\"logo\":{\"@id\":\"https:\\\/\\\/focus-x.net\\\/wp-content\\\/uploads\\\/2023\\\/07\\\/benedikt-wohlleben-website-icon.png\"}}]}<\/script>\n<!-- \/ Yoast SEO plugin. -->","yoast_head_json":{"title":"Haftungsausschluss - \u0192ocus-x","robots":{"index":"index","follow":"follow","max-snippet":"max-snippet:-1","max-image-preview":"max-image-preview:large","max-video-preview":"max-video-preview:-1"},"canonical":"https:\/\/focus-x.net\/en\/haftungsausschluss\/","og_locale":"en_GB","og_type":"article","og_title":"Haftungsausschluss - \u0192ocus-x","og_description":"Haftungsausschluss (Disclaimer) Haftung f\u00fcr Inhalte Als Diensteanbieter sind wir gem\u00e4\u00df \u00a7 7 Abs.1 TMG f\u00fcr eigene Inhalte auf diesen Seiten nach den allgemeinen Gesetzen verantwortlich. Nach \u00a7\u00a7 8 bis 10 TMG sind wir als Diensteanbieter jedoch nicht verpflichtet, \u00fcbermittelte oder gespeicherte fremde Informationen zu \u00fcberwachen oder nach Umst\u00e4nden zu forschen, die auf eine rechtswidrige T\u00e4tigkeit &hellip; Continue reading Haftungsausschluss &rarr;","og_url":"https:\/\/focus-x.net\/en\/haftungsausschluss\/","og_site_name":"\u0192ocus-x","article_modified_time":"2023-05-11T13:58:25+00:00","og_image":[{"width":1100,"height":731,"url":"https:\/\/focus-x.net\/wp-content\/uploads\/2016\/11\/benedikt-wohlleben-tattoo-326.jpg","type":"image\/jpeg"}],"twitter_card":"summary_large_image","twitter_misc":{"Estimated reading time":"2 minutes"},"schema":{"@context":"https:\/\/schema.org","@graph":[{"@type":"WebPage","@id":"https:\/\/focus-x.net\/haftungsausschluss\/","url":"https:\/\/focus-x.net\/haftungsausschluss\/","name":"Haftungsausschluss - \u0192ocus-x","isPartOf":{"@id":"https:\/\/focus-x.net\/#website"},"datePublished":"2016-09-20T16:08:53+00:00","dateModified":"2023-05-11T13:58:25+00:00","breadcrumb":{"@id":"https:\/\/focus-x.net\/haftungsausschluss\/#breadcrumb"},"inLanguage":"en-GB","potentialAction":[{"@type":"ReadAction","target":["https:\/\/focus-x.net\/haftungsausschluss\/"]}]},{"@type":"BreadcrumbList","@id":"https:\/\/focus-x.net\/haftungsausschluss\/#breadcrumb","itemListElement":[{"@type":"ListItem","position":1,"name":"Startseite","item":"https:\/\/focus-x.net\/"},{"@type":"ListItem","position":2,"name":"Haftungsausschluss"}]},{"@type":"WebSite","@id":"https:\/\/focus-x.net\/#website","url":"https:\/\/focus-x.net\/","name":"\u0192ocus-x","description":"A project by BENEDIKT WOHLLEBEN","publisher":{"@id":"https:\/\/focus-x.net\/#\/schema\/person\/4301bae7fc26b66a34b2d5142d40f800"},"potentialAction":[{"@type":"SearchAction","target":{"@type":"EntryPoint","urlTemplate":"https:\/\/focus-x.net\/?s={search_term_string}"},"query-input":{"@type":"PropertyValueSpecification","valueRequired":true,"valueName":"search_term_string"}}],"inLanguage":"en-GB"},{"@type":["Person","Organization"],"@id":"https:\/\/focus-x.net\/#\/schema\/person\/4301bae7fc26b66a34b2d5142d40f800","name":"Benedikt Wohlleben","image":{"@type":"ImageObject","inLanguage":"en-GB","@id":"https:\/\/focus-x.net\/wp-content\/uploads\/2023\/07\/benedikt-wohlleben-website-icon.png","url":"https:\/\/focus-x.net\/wp-content\/uploads\/2023\/07\/benedikt-wohlleben-website-icon.png","contentUrl":"https:\/\/focus-x.net\/wp-content\/uploads\/2023\/07\/benedikt-wohlleben-website-icon.png","width":505,"height":506,"caption":"Benedikt Wohlleben"},"logo":{"@id":"https:\/\/focus-x.net\/wp-content\/uploads\/2023\/07\/benedikt-wohlleben-website-icon.png"}}]}},"_links":{"self":[{"href":"https:\/\/focus-x.net\/en\/wp-json\/wp\/v2\/pages\/90","targetHints":{"allow":["GET"]}}],"collection":[{"href":"https:\/\/focus-x.net\/en\/wp-json\/wp\/v2\/pages"}],"about":[{"href":"https:\/\/focus-x.net\/en\/wp-json\/wp\/v2\/types\/page"}],"author":[{"embeddable":true,"href":"https:\/\/focus-x.net\/en\/wp-json\/wp\/v2\/users\/3"}],"replies":[{"embeddable":true,"href":"https:\/\/focus-x.net\/en\/wp-json\/wp\/v2\/comments?post=90"}],"version-history":[{"count":6,"href":"https:\/\/focus-x.net\/en\/wp-json\/wp\/v2\/pages\/90\/revisions"}],"predecessor-version":[{"id":1203,"href":"https:\/\/focus-x.net\/en\/wp-json\/wp\/v2\/pages\/90\/revisions\/1203"}],"wp:attachment":[{"href":"https:\/\/focus-x.net\/en\/wp-json\/wp\/v2\/media?parent=90"}],"curies":[{"name":"wp","href":"https:\/\/api.w.org\/{rel}","templated":true}]}}